{"id":8236,"date":"2026-03-06T11:17:01","date_gmt":"2026-03-06T14:17:01","guid":{"rendered":"https:\/\/ititechcbba.com\/about-us\/"},"modified":"2026-03-26T11:26:30","modified_gmt":"2026-03-26T14:26:30","slug":"about-us","status":"publish","type":"page","link":"https:\/\/ititechcbba.com\/?page_id=8236","title":{"rendered":"ACERCA DE"},"content":{"rendered":"\t\t<div data-elementor-type=\"wp-page\" data-elementor-id=\"8236\" class=\"elementor elementor-8236\">\n\t\t\t\t<div class=\"elementor-element elementor-element-19ef1803 e-con-full e-flex e-con e-parent\" data-id=\"19ef1803\" data-element_type=\"container\" data-e-type=\"container\">\n\t\t<div class=\"elementor-element elementor-element-1324e3b6 e-con-full e-flex e-con e-child\" data-id=\"1324e3b6\" data-element_type=\"container\" data-e-type=\"container\">\n\t\t<div class=\"elementor-element elementor-element-1cadb05f e-con-full e-flex e-con e-child\" data-id=\"1cadb05f\" data-element_type=\"container\" data-e-type=\"container\">\n\t\t\t\t<div class=\"elementor-element elementor-element-30fbb45e elementor-widget elementor-widget-heading\" data-id=\"30fbb45e\" data-element_type=\"widget\" data-e-type=\"widget\" data-widget_type=\"heading.default\">\n\t\t\t\t<div class=\"elementor-widget-container\">\n\t\t\t\t\t<h1 class=\"elementor-heading-title elementor-size-default\">MISION<\/h1>\t\t\t\t<\/div>\n\t\t\t\t<\/div>\n\t\t\t\t<div class=\"elementor-element elementor-element-1a58cb49 elementor-widget__width-initial elementor-invisible elementor-widget elementor-widget-text-editor\" data-id=\"1a58cb49\" data-element_type=\"widget\" data-e-type=\"widget\" data-settings=\"{&quot;_animation&quot;:&quot;fadeInDown&quot;}\" data-widget_type=\"text-editor.default\">\n\t\t\t\t<div class=\"elementor-widget-container\">\n\t\t\t\t\t\t\t\t\t<p data-start=\"50\" data-end=\"335\">Somos una tienda personalizada en <strong data-start=\"84\" data-end=\"181\">componentes electr\u00f3nicos, impresi\u00f3n 3D y asesoramiento en proyectos educativos y tecnol\u00f3gicos<\/strong>. Ofrecemos una amplia variedad de productos para estudiantes, docentes, aficionados y desarrolladores que buscan crear, reparar o innovar con tecnolog\u00eda.<\/p><p data-start=\"337\" data-end=\"594\">Contamos con <strong data-start=\"350\" data-end=\"387\">servicio de dise\u00f1o e impresi\u00f3n 3D<\/strong>, ideal para prototipos, piezas personalizadas y proyectos acad\u00e9micos. Adem\u00e1s, brindamos <strong data-start=\"476\" data-end=\"496\">asesor\u00eda t\u00e9cnica<\/strong> para apoyar el desarrollo de proyectos escolares, universitarios y de emprendimiento tecnol\u00f3gico.<\/p><p data-start=\"596\" data-end=\"809\">Nuestro objetivo es facilitar el aprendizaje, la innovaci\u00f3n y la creaci\u00f3n de soluciones tecnol\u00f3gicas, ofreciendo <strong data-start=\"709\" data-end=\"781\">productos de calidad, atenci\u00f3n personalizada y soporte especializado<\/strong> para cada proyecto.\u00a0<\/p>\t\t\t\t\t\t\t\t<\/div>\n\t\t\t\t<\/div>\n\t\t\t\t<\/div>\n\t\t\t\t<\/div>\n\t\t<div class=\"elementor-element elementor-element-3d423c1b e-con-full e-flex e-con e-child\" data-id=\"3d423c1b\" data-element_type=\"container\" data-e-type=\"container\" data-settings=\"{&quot;background_background&quot;:&quot;classic&quot;}\">\n\t\t\t\t<\/div>\n\t\t\t\t<\/div>\n\t\t<div class=\"elementor-element elementor-element-6d796fa4 e-con-full e-flex e-con e-parent\" data-id=\"6d796fa4\" data-element_type=\"container\" data-e-type=\"container\">\n\t\t<div class=\"elementor-element elementor-element-120bfebc e-con-full e-flex e-con e-child\" data-id=\"120bfebc\" data-element_type=\"container\" data-e-type=\"container\" data-settings=\"{&quot;background_background&quot;:&quot;classic&quot;}\">\n\t\t\t\t<\/div>\n\t\t<div class=\"elementor-element elementor-element-358ca1a6 e-con-full e-flex e-con e-child\" data-id=\"358ca1a6\" data-element_type=\"container\" data-e-type=\"container\">\n\t\t\t\t<div class=\"elementor-element elementor-element-f555ea7 elementor-widget elementor-widget-heading\" data-id=\"f555ea7\" data-element_type=\"widget\" data-e-type=\"widget\" data-widget_type=\"heading.default\">\n\t\t\t\t<div class=\"elementor-widget-container\">\n\t\t\t\t\t<h2 class=\"elementor-heading-title elementor-size-default\">Vision<\/h2>\t\t\t\t<\/div>\n\t\t\t\t<\/div>\n\t\t\t\t<div class=\"elementor-element elementor-element-65dd65ce elementor-widget elementor-widget-text-editor\" data-id=\"65dd65ce\" data-element_type=\"widget\" data-e-type=\"widget\" data-widget_type=\"text-editor.default\">\n\t\t\t\t<div class=\"elementor-widget-container\">\n\t\t\t\t\t\t\t\t\t<p>Ser una tienda l\u00edder en el suministro de <strong data-start=\"53\" data-end=\"136\">componentes electr\u00f3nicos, servicios de impresi\u00f3n 3D y asesoramiento tecnol\u00f3gico<\/strong>, reconocida por impulsar la innovaci\u00f3n, el aprendizaje y el desarrollo de proyectos educativos y tecnol\u00f3gicos. Aspiramos a convertirnos en un referente para estudiantes, docentes, creadores y emprendedores, brindando soluciones tecnol\u00f3gicas accesibles, de calidad y con un servicio profesional que fomente la creatividad y el progreso tecnol\u00f3gico. \u2699\ufe0f<\/p>\t\t\t\t\t\t\t\t<\/div>\n\t\t\t\t<\/div>\n\t\t\t\t<\/div>\n\t\t\t\t<\/div>\n\t\t<div class=\"elementor-element elementor-element-1f7a8d9f e-con-full e-flex e-con e-parent\" data-id=\"1f7a8d9f\" data-element_type=\"container\" data-e-type=\"container\">\n\t\t\t\t<div class=\"elementor-element elementor-element-197f8eca elementor-widget elementor-widget-heading\" data-id=\"197f8eca\" data-element_type=\"widget\" data-e-type=\"widget\" data-widget_type=\"heading.default\">\n\t\t\t\t<div class=\"elementor-widget-container\">\n\t\t\t\t\t<span class=\"elementor-heading-title elementor-size-default\">Our Instructors<\/span>\t\t\t\t<\/div>\n\t\t\t\t<\/div>\n\t\t\t\t<\/div>\n\t\t<div class=\"elementor-element elementor-element-69340c3b e-flex e-con-boxed e-con e-parent\" data-id=\"69340c3b\" data-element_type=\"container\" data-e-type=\"container\">\n\t\t\t\t\t<div class=\"e-con-inner\">\n\t\t\t\t<div class=\"elementor-element elementor-element-4711d607 elementor-widget-divider--view-line elementor-widget elementor-widget-divider\" data-id=\"4711d607\" data-element_type=\"widget\" data-e-type=\"widget\" data-widget_type=\"divider.default\">\n\t\t\t\t<div class=\"elementor-widget-container\">\n\t\t\t\t\t\t\t<div class=\"elementor-divider\">\n\t\t\t<span class=\"elementor-divider-separator\">\n\t\t\t\t\t\t<\/span>\n\t\t<\/div>\n\t\t\t\t\t\t<\/div>\n\t\t\t\t<\/div>\n\t\t\t\t<div class=\"elementor-element elementor-element-79477c55 elementor-widget elementor-widget-heading\" data-id=\"79477c55\" data-element_type=\"widget\" data-e-type=\"widget\" data-widget_type=\"heading.default\">\n\t\t\t\t<div class=\"elementor-widget-container\">\n\t\t\t\t\t<h2 class=\"elementor-heading-title elementor-size-default\">Estamos trabajando para brindarte un mejor servicio..!\n<\/h2>\t\t\t\t<\/div>\n\t\t\t\t<\/div>\n\t\t\t\t<div class=\"elementor-element elementor-element-a4c3e5c elementor-invisible elementor-widget elementor-widget-text-editor\" data-id=\"a4c3e5c\" data-element_type=\"widget\" data-e-type=\"widget\" data-settings=\"{&quot;_animation&quot;:&quot;fadeIn&quot;}\" data-widget_type=\"text-editor.default\">\n\t\t\t\t<div class=\"elementor-widget-container\">\n\t\t\t\t\t\t\t\t\t<p>Estamos trabajando constantemente para <strong data-start=\"68\" data-end=\"118\">crecer y ampliar nuestra variedad de productos<\/strong>, con el objetivo de ofrecer cada d\u00eda <strong data-start=\"156\" data-end=\"245\">un mejor servicio, m\u00e1s soluciones tecnol\u00f3gicas y mayor calidad para nuestros clientes<\/strong>.<\/p>\t\t\t\t\t\t\t\t<\/div>\n\t\t\t\t<\/div>\n\t\t\t\t\t<\/div>\n\t\t\t\t<\/div>\n\t\t<div class=\"elementor-element elementor-element-46b5651b e-con-full e-flex e-con e-parent\" data-id=\"46b5651b\" data-element_type=\"container\" data-e-type=\"container\" data-settings=\"{&quot;background_background&quot;:&quot;classic&quot;}\">\n\t\t<div class=\"elementor-element elementor-element-60f665f1 e-con-full e-flex e-con e-child\" data-id=\"60f665f1\" data-element_type=\"container\" data-e-type=\"container\">\n\t\t\t\t<div class=\"elementor-element elementor-element-1395ee38 elementor-position-left elementor-vertical-align-middle elementor-widget elementor-widget-image-box\" data-id=\"1395ee38\" data-element_type=\"widget\" data-e-type=\"widget\" data-widget_type=\"image-box.default\">\n\t\t\t\t<div class=\"elementor-widget-container\">\n\t\t\t\t\t<div class=\"elementor-image-box-wrapper\"><figure class=\"elementor-image-box-img\"><img fetchpriority=\"high\" decoding=\"async\" width=\"327\" height=\"257\" src=\"https:\/\/ititechcbba.com\/wp-content\/uploads\/2026\/03\/img_de_comput-removebg-preview.png\" class=\"attachment-full size-full wp-image-8345\" alt=\"\" srcset=\"https:\/\/ititechcbba.com\/wp-content\/uploads\/2026\/03\/img_de_comput-removebg-preview.png 327w, https:\/\/ititechcbba.com\/wp-content\/uploads\/2026\/03\/img_de_comput-removebg-preview-64x50.png 64w, https:\/\/ititechcbba.com\/wp-content\/uploads\/2026\/03\/img_de_comput-removebg-preview-300x236.png 300w\" sizes=\"(max-width: 327px) 100vw, 327px\" \/><\/figure><div class=\"elementor-image-box-content\"><p class=\"elementor-image-box-title\">Encargado de ventas, responsable de la atenci\u00f3n al cliente, asesoramiento en componentes electr\u00f3nicos, servicios de impresi\u00f3n 3D y apoyo en proyectos educativos, brindando orientaci\u00f3n y soluciones tecnol\u00f3gicas seg\u00fan las necesidades de cada cliente.<\/p><p class=\"elementor-image-box-description\"> Marcos Daniel janco<\/p><\/div><\/div>\t\t\t\t<\/div>\n\t\t\t\t<\/div>\n\t\t\t\t<div class=\"elementor-element elementor-element-6ca5f40c elementor-position-left elementor-vertical-align-middle elementor-widget elementor-widget-image-box\" data-id=\"6ca5f40c\" data-element_type=\"widget\" data-e-type=\"widget\" data-widget_type=\"image-box.default\">\n\t\t\t\t<div class=\"elementor-widget-container\">\n\t\t\t\t\t<div class=\"elementor-image-box-wrapper\"><figure class=\"elementor-image-box-img\"><img decoding=\"async\" width=\"662\" height=\"377\" src=\"https:\/\/ititechcbba.com\/wp-content\/uploads\/2026\/03\/img_impresion_3d-removebg-preview.png\" class=\"attachment-full size-full wp-image-8344\" alt=\"\" srcset=\"https:\/\/ititechcbba.com\/wp-content\/uploads\/2026\/03\/img_impresion_3d-removebg-preview.png 662w, https:\/\/ititechcbba.com\/wp-content\/uploads\/2026\/03\/img_impresion_3d-removebg-preview-500x285.png 500w, https:\/\/ititechcbba.com\/wp-content\/uploads\/2026\/03\/img_impresion_3d-removebg-preview-64x36.png 64w, https:\/\/ititechcbba.com\/wp-content\/uploads\/2026\/03\/img_impresion_3d-removebg-preview-300x171.png 300w\" sizes=\"(max-width: 662px) 100vw, 662px\" \/><\/figure><div class=\"elementor-image-box-content\"><p class=\"elementor-image-box-title\">Encargado de dise\u00f1o y impresi\u00f3n 3D, responsable de la creaci\u00f3n, modelado y fabricaci\u00f3n de piezas personalizadas, prototipos y soluciones para proyectos tecnol\u00f3gicos y educativos, garantizando precisi\u00f3n y calidad en cada trabajo<\/p><p class=\"elementor-image-box-description\">Juan David<\/p><\/div><\/div>\t\t\t\t<\/div>\n\t\t\t\t<\/div>\n\t\t\t\t<\/div>\n\t\t\t\t<\/div>\n\t\t\t\t<\/div>\n\t\t","protected":false},"excerpt":{"rendered":"<p>MISION Somos una tienda personalizada en componentes electr\u00f3nicos, impresi\u00f3n 3D y asesoramiento en proyectos educativos y tecnol\u00f3gicos. Ofrecemos una amplia variedad de productos para estudiantes, docentes, aficionados y desarrolladores que buscan crear, reparar o innovar con tecnolog\u00eda. Contamos con servicio de dise\u00f1o e impresi\u00f3n 3D, ideal para prototipos, piezas personalizadas y proyectos acad\u00e9micos. Adem\u00e1s, brindamos [&hellip;]<\/p>\n","protected":false},"author":1,"featured_media":0,"parent":0,"menu_order":0,"comment_status":"closed","ping_status":"closed","template":"","meta":{"footnotes":""},"class_list":["post-8236","page","type-page","status-publish","hentry"],"blocksy_meta":[],"jetpack_sharing_enabled":true,"_links":{"self":[{"href":"https:\/\/ititechcbba.com\/index.php?rest_route=\/wp\/v2\/pages\/8236","targetHints":{"allow":["GET"]}}],"collection":[{"href":"https:\/\/ititechcbba.com\/index.php?rest_route=\/wp\/v2\/pages"}],"about":[{"href":"https:\/\/ititechcbba.com\/index.php?rest_route=\/wp\/v2\/types\/page"}],"author":[{"embeddable":true,"href":"https:\/\/ititechcbba.com\/index.php?rest_route=\/wp\/v2\/users\/1"}],"replies":[{"embeddable":true,"href":"https:\/\/ititechcbba.com\/index.php?rest_route=%2Fwp%2Fv2%2Fcomments&post=8236"}],"version-history":[{"count":14,"href":"https:\/\/ititechcbba.com\/index.php?rest_route=\/wp\/v2\/pages\/8236\/revisions"}],"predecessor-version":[{"id":8562,"href":"https:\/\/ititechcbba.com\/index.php?rest_route=\/wp\/v2\/pages\/8236\/revisions\/8562"}],"wp:attachment":[{"href":"https:\/\/ititechcbba.com\/index.php?rest_route=%2Fwp%2Fv2%2Fmedia&parent=8236"}],"curies":[{"name":"wp","href":"https:\/\/api.w.org\/{rel}","templated":true}]}}