{"id":131,"date":"2024-09-20T11:48:17","date_gmt":"2024-09-20T11:48:17","guid":{"rendered":"http:\/\/wpsitedev.local\/?post_type=product&#038;p=131"},"modified":"2026-03-15T23:11:53","modified_gmt":"2026-03-16T02:11:53","slug":"switch-02","status":"publish","type":"product","link":"https:\/\/ititechcbba.com\/?product=switch-02","title":{"rendered":"Interruptor con Luz \/ 2 pines"},"content":{"rendered":"","protected":false},"excerpt":{"rendered":"<h4>Caracteristicas.<\/h4>\n<ul>\n<li>Switch Interruptor 2 Pines con luz 250V 15A<\/li>\n<li>N\u00famero de pines: 2<\/li>\n<li>Colores disponibles: rojo<\/li>\n<li>Aplicaciones: autom\u00f3viles, paneles de equipos de control, cableado el\u00e9ctrico, electr\u00f3nica, electrodom\u00e9sticos, etc.<\/li>\n<li>Material: ABS\/Pl\u00e1stico de alta calidad<\/li>\n<li>M\u00e9todo de operaci\u00f3n: ON\/OFF<\/li>\n<\/ul>\n","protected":false},"featured_media":8444,"template":"","meta":[],"product_brand":[],"product_cat":[91],"product_tag":[],"class_list":{"0":"post-131","1":"product","2":"type-product","3":"status-publish","4":"has-post-thumbnail","6":"product_cat-interruptores-pulsadores","8":"first","9":"instock","10":"shipping-taxable","11":"purchasable","12":"product-type-simple"},"jetpack_sharing_enabled":true,"_links":{"self":[{"href":"https:\/\/ititechcbba.com\/index.php?rest_route=\/wp\/v2\/product\/131","targetHints":{"allow":["GET"]}}],"collection":[{"href":"https:\/\/ititechcbba.com\/index.php?rest_route=\/wp\/v2\/product"}],"about":[{"href":"https:\/\/ititechcbba.com\/index.php?rest_route=\/wp\/v2\/types\/product"}],"version-history":[{"count":3,"href":"https:\/\/ititechcbba.com\/index.php?rest_route=\/wp\/v2\/product\/131\/revisions"}],"predecessor-version":[{"id":8446,"href":"https:\/\/ititechcbba.com\/index.php?rest_route=\/wp\/v2\/product\/131\/revisions\/8446"}],"wp:featuredmedia":[{"embeddable":true,"href":"https:\/\/ititechcbba.com\/index.php?rest_route=\/wp\/v2\/media\/8444"}],"wp:attachment":[{"href":"https:\/\/ititechcbba.com\/index.php?rest_route=%2Fwp%2Fv2%2Fmedia&parent=131"}],"wp:term":[{"taxonomy":"product_brand","embeddable":true,"href":"https:\/\/ititechcbba.com\/index.php?rest_route=%2Fwp%2Fv2%2Fproduct_brand&post=131"},{"taxonomy":"product_cat","embeddable":true,"href":"https:\/\/ititechcbba.com\/index.php?rest_route=%2Fwp%2Fv2%2Fproduct_cat&post=131"},{"taxonomy":"product_tag","embeddable":true,"href":"https:\/\/ititechcbba.com\/index.php?rest_route=%2Fwp%2Fv2%2Fproduct_tag&post=131"}],"curies":[{"name":"wp","href":"https:\/\/api.w.org\/{rel}","templated":true}]}}