{"id":1869,"date":"2024-10-09T08:11:10","date_gmt":"2024-10-09T08:11:10","guid":{"rendered":"https:\/\/measly-edge.localsite.io\/?post_type=product&#038;p=1869"},"modified":"2026-03-08T12:37:26","modified_gmt":"2026-03-08T15:37:26","slug":"windows-11","status":"publish","type":"product","link":"https:\/\/ititechcbba.com\/?product=windows-11","title":{"rendered":"SERVOMOTOR SG90 &#8211; 180G"},"content":{"rendered":"<div class=\"tab-content \">\n<div id=\"description\" class=\"tab-pane active st_open \" role=\"tabpanel\">\n<div class=\"tab-pane-body\">\n<div class=\"product-description\">\n<div class=\"product_description_container style_content truncate_block st_showless_block_0 truncate_cate_desc_0\">\n<div class=\"st_read_more_box\">\n<div class=\"row\">\n<div class=\"col-md-3\">\n<h4>DESCRIPCION.<\/h4>\n<\/div>\n<div class=\"col-md-9\">\n<p>Servomotor de tama\u00f1o peque\u00f1o ideal para proyectos de bajo torque y donde se requiera poco peso. Muy usado en aeromodelismo, peque\u00f1os brazos rob\u00f3ticos y mini artr\u00f3podos. Un servo ideal para aprender a programar en Arduino.<\/p>\n<p>Puede rotar aproximadamente 180 grados (90\u00b0 en cada direcci\u00f3n). Tiene la facilidad de poder trabajar con diversidad de plataformas de desarrollo como Arduino, PICs, Raspberry Pi, o en general a cualquier microcontrolador.<\/p>\n<p>Para su uso con Arduino, recomendamos conectar el cable naranja al pin 9 o 10 y usar la Librer\u00eda \u00abServo\u00bb incluida en el IDE de Arduino. Para la posici\u00f3n 0\u00b0 el pulso es de 0.6ms, para 90\u00b0 es de 1.5ms y para 180\u00b0 2.4ms.<\/p>\n<p>Posee un conector universal tipo \u00abS\u00bb que encaja perfectamente en la mayor\u00eda de los receptores de radio control incluyendo los Futaba, JR, GWS, Cirrus, Hitec y otros. Los cables en el conector est\u00e1n distribuidos de la siguiente forma: Cafe = Tierra (GND), \u00a0Rojo = VCC (5V), \u00a0Naranja = Se\u00f1al de control (PWM).<\/p>\n<p>Puede ser alimentado por USB pero se recomienda alimentar por separado el microcontrolador y los servos, ya que el ruido el\u00e9ctrico puede dar lugar a errores en la ejecuci\u00f3n del programa, o en todo caso agregar un capacitor de 100uF entre 5V y GND.<\/p>\n<\/div>\n<\/div>\n<\/div>\n<\/div>\n<\/div>\n<\/div>\n<\/div>\n<\/div>\n","protected":false},"excerpt":{"rendered":"<div class=\"col-md-3\">\n<h4>Caracteristicas:<\/h4>\n<\/div>\n<div class=\"col-md-9\">\n<ul>\n<li>Voltaje de alimentaci\u00f3n: 3.0 &#8211; 7.2V DC<\/li>\n<li>Velocidad: 0.1seg \/ 60 grados<\/li>\n<li>Torque reposo: 1.3Kg.cm (4.8V), 1.6Kg.cm\u00a0(6.0V)<\/li>\n<li>Ancho de pulso: 4useg (Dead band)<\/li>\n<li>Engranajes: Nylon<\/li>\n<li>Longitud del conductor: 150mm<\/li>\n<li>Dimensiones: 22*11.5*27 mm<\/li>\n<li>Peso: 9g<\/li>\n<\/ul>\n<\/div>\n","protected":false},"featured_media":8351,"template":"","meta":[],"product_brand":[],"product_cat":[17,18],"product_tag":[],"class_list":{"0":"post-1869","1":"product","2":"type-product","3":"status-publish","4":"has-post-thumbnail","6":"product_cat-promocion","7":"product_cat-robotic","9":"first","10":"instock","11":"downloadable","12":"virtual","13":"purchasable","14":"product-type-simple"},"jetpack_sharing_enabled":true,"_links":{"self":[{"href":"https:\/\/ititechcbba.com\/index.php?rest_route=\/wp\/v2\/product\/1869","targetHints":{"allow":["GET"]}}],"collection":[{"href":"https:\/\/ititechcbba.com\/index.php?rest_route=\/wp\/v2\/product"}],"about":[{"href":"https:\/\/ititechcbba.com\/index.php?rest_route=\/wp\/v2\/types\/product"}],"version-history":[{"count":4,"href":"https:\/\/ititechcbba.com\/index.php?rest_route=\/wp\/v2\/product\/1869\/revisions"}],"predecessor-version":[{"id":8350,"href":"https:\/\/ititechcbba.com\/index.php?rest_route=\/wp\/v2\/product\/1869\/revisions\/8350"}],"wp:featuredmedia":[{"embeddable":true,"href":"https:\/\/ititechcbba.com\/index.php?rest_route=\/wp\/v2\/media\/8351"}],"wp:attachment":[{"href":"https:\/\/ititechcbba.com\/index.php?rest_route=%2Fwp%2Fv2%2Fmedia&parent=1869"}],"wp:term":[{"taxonomy":"product_brand","embeddable":true,"href":"https:\/\/ititechcbba.com\/index.php?rest_route=%2Fwp%2Fv2%2Fproduct_brand&post=1869"},{"taxonomy":"product_cat","embeddable":true,"href":"https:\/\/ititechcbba.com\/index.php?rest_route=%2Fwp%2Fv2%2Fproduct_cat&post=1869"},{"taxonomy":"product_tag","embeddable":true,"href":"https:\/\/ititechcbba.com\/index.php?rest_route=%2Fwp%2Fv2%2Fproduct_tag&post=1869"}],"curies":[{"name":"wp","href":"https:\/\/api.w.org\/{rel}","templated":true}]}}