{"id":223,"date":"2024-09-23T08:52:19","date_gmt":"2024-09-23T08:52:19","guid":{"rendered":"http:\/\/wpsitedev.local\/?post_type=product&#038;p=223"},"modified":"2026-03-12T00:55:39","modified_gmt":"2026-03-12T03:55:39","slug":"conversor","status":"publish","type":"product","link":"https:\/\/ititechcbba.com\/?product=conversor","title":{"rendered":"ADAPTADOR CONVERSOR USB 5V &#8211; A &#8211; 12V DC"},"content":{"rendered":"<p>Elevador Voltaje Step Up DC DC, USB 5V a 12V 1A, 1000mA 5.5mm<\/p>\n<p>Con este adaptador, puede conectar su banco de energ\u00eda cargadores de radios vhf, c\u00e1maras de vigilancia, etc.<\/p>\n<p>Por lo tanto, cuando se corta la energ\u00eda, puede usar su banco de energ\u00eda para alimentar sus dispositivos. Ideal para router y modem.<br \/>\nPuedes cargar muchos dispositivos que operan en 12V. Tales como: routers, luces USB, ventilador USB, radiador, mini altavoces,dispositivos electronicos etc.<br \/>\nTama\u00f1o del enchufe de alimentaci\u00f3n DC: di\u00e1metro: 5,5 mm, di\u00e1metro interior: 2,1 mm; positivo con 1 metro de longitud de cable<br \/>\nL\u00ednea de refuerzo de 12 V: con los componentes de refuerzo, el voltaje de entrada de 5V a trav\u00e9s de componentes USB, el refuerzo a voltaje de 12V 0,7 ~ 1A<\/p>\n","protected":false},"excerpt":{"rendered":"<p><strong>Caracter\u00edsticas:<\/strong><br \/>\nTipo de Convertidor DC-DC : Step UP USB a 12V<br \/>\nVoltaje de Entrada : 5V<br \/>\nVoltaje de Salida : 12V<br \/>\nCorriente salida: 1A<br \/>\nLargo del Cable : 1m<br \/>\nColor : Negro<br \/>\n* Ideal para routers &amp; dispositivos que requieran 12V.<\/p>\n","protected":false},"featured_media":8420,"template":"","meta":[],"product_brand":[],"product_cat":[17],"product_tag":[],"class_list":{"0":"post-223","1":"product","2":"type-product","3":"status-publish","4":"has-post-thumbnail","6":"product_cat-promocion","8":"first","9":"instock","10":"featured","11":"shipping-taxable","12":"purchasable","13":"product-type-simple"},"jetpack_sharing_enabled":true,"_links":{"self":[{"href":"https:\/\/ititechcbba.com\/index.php?rest_route=\/wp\/v2\/product\/223","targetHints":{"allow":["GET"]}}],"collection":[{"href":"https:\/\/ititechcbba.com\/index.php?rest_route=\/wp\/v2\/product"}],"about":[{"href":"https:\/\/ititechcbba.com\/index.php?rest_route=\/wp\/v2\/types\/product"}],"version-history":[{"count":2,"href":"https:\/\/ititechcbba.com\/index.php?rest_route=\/wp\/v2\/product\/223\/revisions"}],"predecessor-version":[{"id":8421,"href":"https:\/\/ititechcbba.com\/index.php?rest_route=\/wp\/v2\/product\/223\/revisions\/8421"}],"wp:featuredmedia":[{"embeddable":true,"href":"https:\/\/ititechcbba.com\/index.php?rest_route=\/wp\/v2\/media\/8420"}],"wp:attachment":[{"href":"https:\/\/ititechcbba.com\/index.php?rest_route=%2Fwp%2Fv2%2Fmedia&parent=223"}],"wp:term":[{"taxonomy":"product_brand","embeddable":true,"href":"https:\/\/ititechcbba.com\/index.php?rest_route=%2Fwp%2Fv2%2Fproduct_brand&post=223"},{"taxonomy":"product_cat","embeddable":true,"href":"https:\/\/ititechcbba.com\/index.php?rest_route=%2Fwp%2Fv2%2Fproduct_cat&post=223"},{"taxonomy":"product_tag","embeddable":true,"href":"https:\/\/ititechcbba.com\/index.php?rest_route=%2Fwp%2Fv2%2Fproduct_tag&post=223"}],"curies":[{"name":"wp","href":"https:\/\/api.w.org\/{rel}","templated":true}]}}