{"id":243,"date":"2024-09-23T11:03:38","date_gmt":"2024-09-23T11:03:38","guid":{"rendered":"http:\/\/wpsitedev.local\/?post_type=product&#038;p=243"},"modified":"2026-03-08T19:13:57","modified_gmt":"2026-03-08T22:13:57","slug":"yellow-gold","status":"publish","type":"product","link":"https:\/\/ititechcbba.com\/?product=yellow-gold","title":{"rendered":"ULN 2003"},"content":{"rendered":"<p>El modulo ULN2003 es un driver especialmente dise\u00f1ado para manejar el motor a pasos 28BYJ-48 (unipolar). Adicionalmente puede ser usado para manejar Relays, motores DC o cualquier carga DC de bajo consumo de corriente. Internamente posee un arreglo de 7 transistores NPN Darlington con diodos de protecci\u00f3n para cargas inductivas. Cada transistor o canal es capaz de manejar una carga de hasta 500mA, se pueden utilizar canales en paralelo y asi aumentar la capacidad de corriente.<\/p>\n<p>El m\u00f3dulo ULN2003 es una soluci\u00f3n eficiente y compactada para controlar motores paso a paso unipolares, como el popular 28BYJ-48. Este m\u00f3dulo permite manejar cargas de alta corriente y voltaje mediante se\u00f1ales l\u00f3gicas de bajo nivel, facilitando la integraci\u00f3n con microcontroladores como Arduino, PIC o Raspberry Pi.<\/p>\n<p>&nbsp;<\/p>\n","protected":false},"excerpt":{"rendered":"<p><strong>Caracteristicas.<\/strong><\/p>\n<ul>\n<li>Chip: ULN2003N.<\/li>\n<li>Voltaje de Operaci\u00f3n: 5V.<\/li>\n<li>Canales: 7.<\/li>\n<li>Corriente por canal: 500mA.<\/li>\n<li>Indicadores LED: 4 LEDs integrados que muestran el estado de las fases del motor.<\/li>\n<li>Conector de salida: Z\u00f3calo XH-5P para conexi\u00f3n directa con motores 28BYJ-48.<\/li>\n<\/ul>\n","protected":false},"featured_media":8383,"template":"","meta":[],"product_brand":[],"product_cat":[18],"product_tag":[],"class_list":{"0":"post-243","1":"product","2":"type-product","3":"status-publish","4":"has-post-thumbnail","6":"product_cat-robotic","8":"first","9":"instock","10":"shipping-taxable","11":"purchasable","12":"product-type-simple"},"jetpack_sharing_enabled":true,"_links":{"self":[{"href":"https:\/\/ititechcbba.com\/index.php?rest_route=\/wp\/v2\/product\/243","targetHints":{"allow":["GET"]}}],"collection":[{"href":"https:\/\/ititechcbba.com\/index.php?rest_route=\/wp\/v2\/product"}],"about":[{"href":"https:\/\/ititechcbba.com\/index.php?rest_route=\/wp\/v2\/types\/product"}],"version-history":[{"count":3,"href":"https:\/\/ititechcbba.com\/index.php?rest_route=\/wp\/v2\/product\/243\/revisions"}],"predecessor-version":[{"id":8382,"href":"https:\/\/ititechcbba.com\/index.php?rest_route=\/wp\/v2\/product\/243\/revisions\/8382"}],"wp:featuredmedia":[{"embeddable":true,"href":"https:\/\/ititechcbba.com\/index.php?rest_route=\/wp\/v2\/media\/8383"}],"wp:attachment":[{"href":"https:\/\/ititechcbba.com\/index.php?rest_route=%2Fwp%2Fv2%2Fmedia&parent=243"}],"wp:term":[{"taxonomy":"product_brand","embeddable":true,"href":"https:\/\/ititechcbba.com\/index.php?rest_route=%2Fwp%2Fv2%2Fproduct_brand&post=243"},{"taxonomy":"product_cat","embeddable":true,"href":"https:\/\/ititechcbba.com\/index.php?rest_route=%2Fwp%2Fv2%2Fproduct_cat&post=243"},{"taxonomy":"product_tag","embeddable":true,"href":"https:\/\/ititechcbba.com\/index.php?rest_route=%2Fwp%2Fv2%2Fproduct_tag&post=243"}],"curies":[{"name":"wp","href":"https:\/\/api.w.org\/{rel}","templated":true}]}}