{"id":248,"date":"2024-09-23T11:06:24","date_gmt":"2024-09-23T11:06:24","guid":{"rendered":"http:\/\/wpsitedev.local\/?post_type=product&#038;p=248"},"modified":"2026-03-15T22:44:12","modified_gmt":"2026-03-16T01:44:12","slug":"modulo-23","status":"publish","type":"product","link":"https:\/\/ititechcbba.com\/?product=modulo-23","title":{"rendered":"Tarjeta CNC Shield v3"},"content":{"rendered":"<p><span style=\"font-family: Arial;\">El Shield CNC GRBL permite construir una m\u00e1quina CNC de la manera m\u00e1s r\u00e1pida y sencilla, solo necesitas agregar un Arduino Uno, unos cuantos Drivers A4988 o DRV8825 y una fuente de alimentaci\u00f3n. Posee un dise\u00f1o modular y Open Source. Compatible con GRBL, Firmware OpenSource para Arduino Uno que convierte c\u00f3digo-G en comandos para motores Paso a Paso. Ideal para desarrollar proyectos como Router CNC, Cortadora L\u00e1ser, Brazo rob\u00f3tico y hasta una M\u00e1quina Pick&amp;Place.<\/span><\/p>\n<p><span style=\"font-family: Arial;\">El shield CNC permite manejar 3 motores paso a paso (pap\/stepper) de forma independiente (X, Y, Z) y 1 motor adicional (A) como duplicado de alguno de los anteriores. Es compatible con los drivers para motores paso a paso Pololu A4988 (Allegro) o los DRV8825 (Texas Inst.), el A4988 puede manejar motores paso a paso de hasta 2A por bobina y microstepping de 1\/16, el driver DRV8825 es m\u00e1s vers\u00e1til pues ofrece hasta 2.5A por bobina y microstepping de hasta 1\/32. Podemos configurar de forma independiente la resoluci\u00f3n de microstepping de cada driver con los 3 jumpers correspondientes.<\/span><\/p>\n","protected":false},"excerpt":{"rendered":"<ul>\n<li><span style=\"font-family: Arial;\">Voltaje de Potencia: 12- 36V DC<\/span><\/li>\n<li><span style=\"font-family: Arial;\">Compatible con Arduino Uno R3<\/span><\/li>\n<li><span style=\"font-family: Arial;\">Compatible con firmware GRBL\u00a0<\/span><\/li>\n<li><span style=\"font-family: Arial;\">Soporta 4 Ejes (X, Y, Z y duplicar uno de los anteriores o crear un eje a medida con los pines D12 y D13)<\/span><\/li>\n<li><span style=\"font-family: Arial;\">2 Fin de carrera por cada eje (6 en total)<\/span><\/li>\n<li><span style=\"font-family: Arial;\">Habilitador y direcci\u00f3n de Spindle<\/span><\/li>\n<li><span style=\"font-family: Arial;\">Habilitador de refrigerante (coolant)<\/span><\/li>\n<li><span style=\"font-family: Arial;\">Dise\u00f1ado para drivers Pololu A4988 o DRV8825<\/span><\/li>\n<li><span style=\"font-family: Arial;\">Jumpers para configurar el micro-stepping de los drivers<\/span><\/li>\n<li><span style=\"font-family: Arial;\">Los motores se pueden conectar usando header o Molex hembra de 4 pines<\/span><\/li>\n<li><span style=\"font-family: Arial;\">Fusible en placa<\/span><\/li>\n<\/ul>\n","protected":false},"featured_media":8375,"template":"","meta":[],"product_brand":[],"product_cat":[25],"product_tag":[],"class_list":{"0":"post-248","1":"product","2":"type-product","3":"status-publish","4":"has-post-thumbnail","6":"product_cat-componentes-de-audio","8":"first","9":"onbackorder","10":"shipping-taxable","11":"purchasable","12":"product-type-simple"},"jetpack_sharing_enabled":true,"_links":{"self":[{"href":"https:\/\/ititechcbba.com\/index.php?rest_route=\/wp\/v2\/product\/248","targetHints":{"allow":["GET"]}}],"collection":[{"href":"https:\/\/ititechcbba.com\/index.php?rest_route=\/wp\/v2\/product"}],"about":[{"href":"https:\/\/ititechcbba.com\/index.php?rest_route=\/wp\/v2\/types\/product"}],"version-history":[{"count":2,"href":"https:\/\/ititechcbba.com\/index.php?rest_route=\/wp\/v2\/product\/248\/revisions"}],"predecessor-version":[{"id":8377,"href":"https:\/\/ititechcbba.com\/index.php?rest_route=\/wp\/v2\/product\/248\/revisions\/8377"}],"wp:featuredmedia":[{"embeddable":true,"href":"https:\/\/ititechcbba.com\/index.php?rest_route=\/wp\/v2\/media\/8375"}],"wp:attachment":[{"href":"https:\/\/ititechcbba.com\/index.php?rest_route=%2Fwp%2Fv2%2Fmedia&parent=248"}],"wp:term":[{"taxonomy":"product_brand","embeddable":true,"href":"https:\/\/ititechcbba.com\/index.php?rest_route=%2Fwp%2Fv2%2Fproduct_brand&post=248"},{"taxonomy":"product_cat","embeddable":true,"href":"https:\/\/ititechcbba.com\/index.php?rest_route=%2Fwp%2Fv2%2Fproduct_cat&post=248"},{"taxonomy":"product_tag","embeddable":true,"href":"https:\/\/ititechcbba.com\/index.php?rest_route=%2Fwp%2Fv2%2Fproduct_tag&post=248"}],"curies":[{"name":"wp","href":"https:\/\/api.w.org\/{rel}","templated":true}]}}