{"id":249,"date":"2024-09-23T11:08:12","date_gmt":"2024-09-23T11:08:12","guid":{"rendered":"http:\/\/wpsitedev.local\/?post_type=product&#038;p=249"},"modified":"2026-03-15T22:42:58","modified_gmt":"2026-03-16T01:42:58","slug":"display-01","status":"publish","type":"product","link":"https:\/\/ititechcbba.com\/?product=display-01","title":{"rendered":"Display 7 Segmentos"},"content":{"rendered":"<p>Display 7 segmentos 1 d\u00edgito. Compatible con protoboard.\u00a0Disponible \u00e1nodo com\u00fan (5161BS) y c\u00e1todo com\u00fan (5161AS).<\/p>\n<p><strong>Especificaciones:<\/strong><\/p>\n<ul>\n<li><strong>Color de los segmentos:<\/strong> Azul<\/li>\n<li><strong>Separaci\u00f3n entre los pines:<\/strong>\u00a02.54mm<\/li>\n<li><strong>Dimensiones:<\/strong>\u00a01.3 cm\u00a0 x\u00a01.9 cm x 0.8 cm (profundidad)<\/li>\n<\/ul>\n","protected":false},"excerpt":{"rendered":"<p>Display 7 segmentos 1 d\u00edgito. Compatible con protoboard.\u00a0Disponible \u00e1nodo com\u00fan (5161BS) y c\u00e1todo com\u00fan (5161AS). Especificaciones: Color de los segmentos: Azul Separaci\u00f3n entre los pines:\u00a02.54mm Dimensiones:\u00a01.3 cm\u00a0 x\u00a01.9 cm x 0.8 cm (profundidad)<\/p>\n","protected":false},"featured_media":8384,"template":"","meta":[],"product_brand":[],"product_cat":[17],"product_tag":[],"class_list":{"0":"post-249","1":"product","2":"type-product","3":"status-publish","4":"has-post-thumbnail","6":"product_cat-promocion","8":"first","9":"instock","10":"shipping-taxable","11":"purchasable","12":"product-type-simple"},"jetpack_sharing_enabled":true,"_links":{"self":[{"href":"https:\/\/ititechcbba.com\/index.php?rest_route=\/wp\/v2\/product\/249","targetHints":{"allow":["GET"]}}],"collection":[{"href":"https:\/\/ititechcbba.com\/index.php?rest_route=\/wp\/v2\/product"}],"about":[{"href":"https:\/\/ititechcbba.com\/index.php?rest_route=\/wp\/v2\/types\/product"}],"version-history":[{"count":4,"href":"https:\/\/ititechcbba.com\/index.php?rest_route=\/wp\/v2\/product\/249\/revisions"}],"predecessor-version":[{"id":8386,"href":"https:\/\/ititechcbba.com\/index.php?rest_route=\/wp\/v2\/product\/249\/revisions\/8386"}],"wp:featuredmedia":[{"embeddable":true,"href":"https:\/\/ititechcbba.com\/index.php?rest_route=\/wp\/v2\/media\/8384"}],"wp:attachment":[{"href":"https:\/\/ititechcbba.com\/index.php?rest_route=%2Fwp%2Fv2%2Fmedia&parent=249"}],"wp:term":[{"taxonomy":"product_brand","embeddable":true,"href":"https:\/\/ititechcbba.com\/index.php?rest_route=%2Fwp%2Fv2%2Fproduct_brand&post=249"},{"taxonomy":"product_cat","embeddable":true,"href":"https:\/\/ititechcbba.com\/index.php?rest_route=%2Fwp%2Fv2%2Fproduct_cat&post=249"},{"taxonomy":"product_tag","embeddable":true,"href":"https:\/\/ititechcbba.com\/index.php?rest_route=%2Fwp%2Fv2%2Fproduct_tag&post=249"}],"curies":[{"name":"wp","href":"https:\/\/api.w.org\/{rel}","templated":true}]}}