{"id":257,"date":"2024-09-23T11:14:24","date_gmt":"2024-09-23T11:14:24","guid":{"rendered":"http:\/\/wpsitedev.local\/?post_type=product&#038;p=257"},"modified":"2026-03-15T22:42:12","modified_gmt":"2026-03-16T01:42:12","slug":"motor","status":"publish","type":"product","link":"https:\/\/ititechcbba.com\/?product=motor","title":{"rendered":"Motor DC 9v"},"content":{"rendered":"<p>Motor DC 35 gr*cm &#8211; 9800 RPM (9V),\u00a0convierte la energ\u00eda el\u00e9ctrica en mec\u00e1nica, provocando un movimiento rotatorio, gracias a la acci\u00f3n que se genera del campo magn\u00e9tico,\u00a0es utilizado generalmente para juguetes y peque\u00f1os proyectos de electr\u00f3nica, se caracteriza por tener gran velocidad pero muy poco torque, por eso si se desea utilizar en robots es necesario acoplarle pi\u00f1ones para reducir la velocidad y aumentar la fuerza.<\/p>\n","protected":false},"excerpt":{"rendered":"<p><strong>Principales Caracter\u00edsticas:<\/strong><\/p>\n<ul>\n<li>Voltaje de Operaci\u00f3n: 3V a 12V (Recomendado 6V a 9V)<\/li>\n<li>Corriente sin Carga: 160 mA (9V)<\/li>\n<li>Velocidad sin Carga: 12000 RPM (9V)<\/li>\n<li>Corriente con Carga: Aproximadamente 700 mA (9V)<\/li>\n<li>Velocidad con Carga: Aproximadamente 9800 RPM (9V)<\/li>\n<li>Torque: 35 gr*cm (9V)<\/li>\n<li>Di\u00e1metro del Eje: 2 mm<\/li>\n<li>Longitud del Eje: 9 mm<\/li>\n<li>Dimensiones\u00a0del Motor: 30.5 mm x 24 mm x 18.3 mm.<\/li>\n<\/ul>\n","protected":false},"featured_media":8353,"template":"","meta":[],"product_brand":[],"product_cat":[22],"product_tag":[],"class_list":{"0":"post-257","1":"product","2":"type-product","3":"status-publish","4":"has-post-thumbnail","6":"product_cat-mobile","8":"first","9":"instock","10":"shipping-taxable","11":"purchasable","12":"product-type-simple"},"jetpack_sharing_enabled":true,"_links":{"self":[{"href":"https:\/\/ititechcbba.com\/index.php?rest_route=\/wp\/v2\/product\/257","targetHints":{"allow":["GET"]}}],"collection":[{"href":"https:\/\/ititechcbba.com\/index.php?rest_route=\/wp\/v2\/product"}],"about":[{"href":"https:\/\/ititechcbba.com\/index.php?rest_route=\/wp\/v2\/types\/product"}],"version-history":[{"count":2,"href":"https:\/\/ititechcbba.com\/index.php?rest_route=\/wp\/v2\/product\/257\/revisions"}],"predecessor-version":[{"id":8354,"href":"https:\/\/ititechcbba.com\/index.php?rest_route=\/wp\/v2\/product\/257\/revisions\/8354"}],"wp:featuredmedia":[{"embeddable":true,"href":"https:\/\/ititechcbba.com\/index.php?rest_route=\/wp\/v2\/media\/8353"}],"wp:attachment":[{"href":"https:\/\/ititechcbba.com\/index.php?rest_route=%2Fwp%2Fv2%2Fmedia&parent=257"}],"wp:term":[{"taxonomy":"product_brand","embeddable":true,"href":"https:\/\/ititechcbba.com\/index.php?rest_route=%2Fwp%2Fv2%2Fproduct_brand&post=257"},{"taxonomy":"product_cat","embeddable":true,"href":"https:\/\/ititechcbba.com\/index.php?rest_route=%2Fwp%2Fv2%2Fproduct_cat&post=257"},{"taxonomy":"product_tag","embeddable":true,"href":"https:\/\/ititechcbba.com\/index.php?rest_route=%2Fwp%2Fv2%2Fproduct_tag&post=257"}],"curies":[{"name":"wp","href":"https:\/\/api.w.org\/{rel}","templated":true}]}}