{"id":2682,"date":"2025-01-08T12:44:09","date_gmt":"2025-01-08T12:44:09","guid":{"rendered":"https:\/\/template.anantaddons.com\/eshop\/three\/?post_type=product&#038;p=2682"},"modified":"2026-03-08T12:35:47","modified_gmt":"2026-03-08T15:35:47","slug":"computer-set","status":"publish","type":"product","link":"https:\/\/ititechcbba.com\/?product=computer-set","title":{"rendered":"Sensor de Temperatura Termistor"},"content":{"rendered":"<p>M\u00f3dulo 3pin Sensor t\u00e9rmico M\u00f3dulo Sensor de temperatura Sensor termistor Sensor<\/p>\n<p><strong>Descripci\u00f3n:<\/strong><br \/>\nAjustar el umbral de detecci\u00f3n de posici\u00f3n de distribuci\u00f3n de temperatura<br \/>\nEl voltaje de funcionamiento 3,3 V-5V<br \/>\nEl formato de salida: salidas de conmutaci\u00f3n digital (0 y 1)<br \/>\nAgujeros de perno fijos para una f\u00e1cil instalaci\u00f3n<br \/>\nUna peque\u00f1a placa PCB tama\u00f1o: 3.2&#215;1.4cm<br \/>\nUso de un comparador de gran voltaje LM393<\/p>\n","protected":false},"excerpt":{"rendered":"<p>M\u00f3dulo 3pin Sensor t\u00e9rmico M\u00f3dulo Sensor de temperatura Sensor termistor Sensor Descripci\u00f3n: Ajustar el umbral de detecci\u00f3n de posici\u00f3n de distribuci\u00f3n de temperatura El voltaje de funcionamiento 3,3 V-5V El formato de salida: salidas de conmutaci\u00f3n digital (0 y 1) Agujeros de perno fijos para una f\u00e1cil instalaci\u00f3n Una peque\u00f1a placa PCB tama\u00f1o: 3.2&#215;1.4cm Uso [&hellip;]<\/p>\n","protected":false},"featured_media":7952,"template":"","meta":[],"product_brand":[],"product_cat":[18],"product_tag":[],"class_list":{"0":"post-2682","1":"product","2":"type-product","3":"status-publish","4":"has-post-thumbnail","6":"product_cat-robotic","8":"first","9":"outofstock","10":"shipping-taxable","11":"purchasable","12":"product-type-simple"},"jetpack_sharing_enabled":true,"_links":{"self":[{"href":"https:\/\/ititechcbba.com\/index.php?rest_route=\/wp\/v2\/product\/2682","targetHints":{"allow":["GET"]}}],"collection":[{"href":"https:\/\/ititechcbba.com\/index.php?rest_route=\/wp\/v2\/product"}],"about":[{"href":"https:\/\/ititechcbba.com\/index.php?rest_route=\/wp\/v2\/types\/product"}],"version-history":[{"count":2,"href":"https:\/\/ititechcbba.com\/index.php?rest_route=\/wp\/v2\/product\/2682\/revisions"}],"predecessor-version":[{"id":7953,"href":"https:\/\/ititechcbba.com\/index.php?rest_route=\/wp\/v2\/product\/2682\/revisions\/7953"}],"wp:featuredmedia":[{"embeddable":true,"href":"https:\/\/ititechcbba.com\/index.php?rest_route=\/wp\/v2\/media\/7952"}],"wp:attachment":[{"href":"https:\/\/ititechcbba.com\/index.php?rest_route=%2Fwp%2Fv2%2Fmedia&parent=2682"}],"wp:term":[{"taxonomy":"product_brand","embeddable":true,"href":"https:\/\/ititechcbba.com\/index.php?rest_route=%2Fwp%2Fv2%2Fproduct_brand&post=2682"},{"taxonomy":"product_cat","embeddable":true,"href":"https:\/\/ititechcbba.com\/index.php?rest_route=%2Fwp%2Fv2%2Fproduct_cat&post=2682"},{"taxonomy":"product_tag","embeddable":true,"href":"https:\/\/ititechcbba.com\/index.php?rest_route=%2Fwp%2Fv2%2Fproduct_tag&post=2682"}],"curies":[{"name":"wp","href":"https:\/\/api.w.org\/{rel}","templated":true}]}}