{"id":273,"date":"2024-09-23T11:32:31","date_gmt":"2024-09-23T11:32:31","guid":{"rendered":"http:\/\/wpsitedev.local\/?post_type=product&#038;p=273"},"modified":"2026-03-08T12:39:12","modified_gmt":"2026-03-08T15:39:12","slug":"case","status":"publish","type":"product","link":"https:\/\/ititechcbba.com\/?product=case","title":{"rendered":"CASE BATERIA AA X4"},"content":{"rendered":"<div class=\"tab-content \">\n<div id=\"description\" class=\"tab-pane active st_open \" role=\"tabpanel\">\n<div class=\"tab-pane-body\">\n<div class=\"product-description\">\n<div class=\"product_description_container style_content truncate_block st_showless_block_0 truncate_cate_desc_0\">\n<div class=\"st_read_more_box\">\n<div class=\"row\">\n<div class=\"col-md-3\">\n<h4>DESCRICION.<\/h4>\n<\/div>\n<div class=\"col-md-9\">\n<p>La alimentaci\u00f3n de voltaje es indispensable en todo proyecto electr\u00f3nico y los proyectos de rob\u00f3tica m\u00f3vil no son la excepci\u00f3n. Con la ayuda de este Portapila podr\u00e1s utilizar 4 bater\u00edas AA de 1.5V en serie y obtener un total de 6V a la salida.<\/p>\n<p>En rob\u00f3tica m\u00f3vil es muy usual utilizar 2 fuentes de voltaje separadas: una para la parte de control (Arduino, sensores, comunicaci\u00f3n) y otra para la parte de potencia (Motores, Actuadores). Como ejemplo en un peque\u00f1o robot m\u00f3vil podr\u00edamos utilizar una bater\u00eda de 9V para alimentar nuestro Arduino y otra salida de 6V de este portapilas para alimentar los motores DC.<\/p>\n<\/div>\n<\/div>\n<hr \/>\n<div class=\"row\">\n<div class=\"col-md-3\">\n<h4>ESPECIFICACIONES<\/h4>\n<\/div>\n<div class=\"col-md-9\">\n<ul>\n<li>Para 4 pilas AA en serie<\/li>\n<li>Voltaje: 6V<\/li>\n<li>Material: Pl\u00e1stico<\/li>\n<li>Longitud del cable: 14cm<\/li>\n<li>Dimensiones: 58x62x15mm<\/li>\n<li>Peso: 15g<\/li>\n<\/ul>\n<\/div>\n<\/div>\n<\/div>\n<\/div>\n<\/div>\n<\/div>\n<\/div>\n<\/div>\n","protected":false},"excerpt":{"rendered":"<p>DESCRICION. La alimentaci\u00f3n de voltaje es indispensable en todo proyecto electr\u00f3nico y los proyectos de rob\u00f3tica m\u00f3vil no son la excepci\u00f3n. Con la ayuda de este Portapila podr\u00e1s utilizar 4 bater\u00edas AA de 1.5V en serie y obtener un total de 6V a la salida. En rob\u00f3tica m\u00f3vil es muy usual utilizar 2 fuentes de [&hellip;]<\/p>\n","protected":false},"featured_media":7970,"template":"","meta":[],"product_brand":[],"product_cat":[86,18],"product_tag":[],"class_list":{"0":"post-273","1":"product","2":"type-product","3":"status-publish","4":"has-post-thumbnail","6":"product_cat-case-chasis-robotica","7":"product_cat-robotic","9":"first","10":"instock","11":"shipping-taxable","12":"purchasable","13":"product-type-simple"},"jetpack_sharing_enabled":true,"_links":{"self":[{"href":"https:\/\/ititechcbba.com\/index.php?rest_route=\/wp\/v2\/product\/273","targetHints":{"allow":["GET"]}}],"collection":[{"href":"https:\/\/ititechcbba.com\/index.php?rest_route=\/wp\/v2\/product"}],"about":[{"href":"https:\/\/ititechcbba.com\/index.php?rest_route=\/wp\/v2\/types\/product"}],"version-history":[{"count":2,"href":"https:\/\/ititechcbba.com\/index.php?rest_route=\/wp\/v2\/product\/273\/revisions"}],"predecessor-version":[{"id":7971,"href":"https:\/\/ititechcbba.com\/index.php?rest_route=\/wp\/v2\/product\/273\/revisions\/7971"}],"wp:featuredmedia":[{"embeddable":true,"href":"https:\/\/ititechcbba.com\/index.php?rest_route=\/wp\/v2\/media\/7970"}],"wp:attachment":[{"href":"https:\/\/ititechcbba.com\/index.php?rest_route=%2Fwp%2Fv2%2Fmedia&parent=273"}],"wp:term":[{"taxonomy":"product_brand","embeddable":true,"href":"https:\/\/ititechcbba.com\/index.php?rest_route=%2Fwp%2Fv2%2Fproduct_brand&post=273"},{"taxonomy":"product_cat","embeddable":true,"href":"https:\/\/ititechcbba.com\/index.php?rest_route=%2Fwp%2Fv2%2Fproduct_cat&post=273"},{"taxonomy":"product_tag","embeddable":true,"href":"https:\/\/ititechcbba.com\/index.php?rest_route=%2Fwp%2Fv2%2Fproduct_tag&post=273"}],"curies":[{"name":"wp","href":"https:\/\/api.w.org\/{rel}","templated":true}]}}