{"id":3478,"date":"2026-02-17T21:10:50","date_gmt":"2026-02-18T00:10:50","guid":{"rendered":"https:\/\/ititechcbba.com\/producto\/boat-storm-infinity-smart-watch\/"},"modified":"2026-03-08T12:45:35","modified_gmt":"2026-03-08T15:45:35","slug":"amplificador-de-audio","status":"publish","type":"product","link":"https:\/\/ititechcbba.com\/?product=amplificador-de-audio","title":{"rendered":"MODULO MP3 + AMPLIFICADOR"},"content":{"rendered":"<div class=\"id-grid id-grid-cols-[2fr_3fr] id-border-b-[0.5px] id-border-[#ddd]\" data-testid=\"module-attribute-row\">\n<div class=\"id-text-sm id-p-4 id-bg-[#f8f8f8] id-flex id-items-center\" title=\"Formato de audio compatible\" data-testid=\"module-attribute-name\" data-spm-anchor-id=\"a2700.details.0.i113.55f12026lLYjBC\">\n<ul>\n<li>Formato de audio compatible: <span style=\"font-size: 16px;\">MP3, MP3, WAV<\/span><\/li>\n<\/ul>\n<\/div>\n<\/div>\n<div class=\"id-text-sm id-p-4 id-bg-[#f8f8f8] id-flex id-items-center\" title=\"Est\u00e1ndar de Bluetooth\" data-testid=\"module-attribute-name\">\n<ul>\n<li class=\"id-leading-[18px]\" data-attribute-lineclamp=\"true\" data-testid=\"module-attribute-name-text\">Est\u00e1ndar de Bluetooth: <span style=\"font-size: 16px;\">Bluetooth \/ 5,3<\/span><\/li>\n<\/ul>\n<\/div>\n<div class=\"id-text-sm id-p-4 id-bg-[#f8f8f8] id-flex id-items-center\" title=\"Pantalla\" data-testid=\"module-attribute-name\">\n<ul>\n<li class=\"id-leading-[18px]\" data-attribute-lineclamp=\"true\" data-testid=\"module-attribute-name-text\">Pantalla: <span style=\"font-size: 16px;\">S\u00ed<\/span><\/li>\n<\/ul>\n<\/div>\n<ul>\n<li><span style=\"font-size: 16px;\">Privado molde: <\/span><span style=\"font-size: 16px;\">NO<\/span><\/li>\n<li><span style=\"font-size: 16px;\">Tama\u00f1o de pantalla: <\/span><span style=\"font-size: 16px;\">\u00ab&lt; 2&#8243;\u00bb\u00bb<\/span><\/li>\n<\/ul>\n<div class=\"id-text-sm id-p-4 id-bg-[#f8f8f8] id-flex id-items-center\" title=\"Material\" data-testid=\"module-attribute-name\">\n<ul>\n<li class=\"id-leading-[18px]\" data-attribute-lineclamp=\"true\" data-testid=\"module-attribute-name-text\">Material: <span style=\"font-size: 16px;\">Pl\u00e1stico<\/span><\/li>\n<\/ul>\n<\/div>\n<div class=\"id-text-sm id-p-4 id-bg-[#f8f8f8] id-flex id-items-center\" title=\"Aplicaci\u00f3n\" data-testid=\"module-attribute-name\">\n<ul>\n<li class=\"id-leading-[18px]\" data-attribute-lineclamp=\"true\" data-testid=\"module-attribute-name-text\">Aplicaci\u00f3n: <span style=\"font-size: 16px;\">Escuchar m\u00fasica<\/span><\/li>\n<\/ul>\n<\/div>\n<div class=\"id-text-sm id-p-4 id-bg-[#f8f8f8] id-flex id-items-center\" title=\"Marca\" data-testid=\"module-attribute-name\">\n<ul>\n<li class=\"id-leading-[18px]\" data-attribute-lineclamp=\"true\" data-testid=\"module-attribute-name-text\">Marca:\u00a0 <span style=\"font-size: 16px;\">VIRE<\/span><\/li>\n<\/ul>\n<\/div>\n<div class=\"id-text-sm id-p-4 id-bg-[#f8f8f8] id-flex id-items-center\" title=\"N\u00famero de Modelo\" data-testid=\"module-attribute-name\">\n<ul>\n<li class=\"id-leading-[18px]\" data-attribute-lineclamp=\"true\" data-testid=\"module-attribute-name-text\">N\u00famero de Modelo:\u00a0 <span style=\"font-size: 16px;\">VTF-058BT AMP V1.0<\/span><\/li>\n<\/ul>\n<\/div>\n<div class=\"id-text-sm id-p-4 id-bg-[#f8f8f8] id-flex id-items-center\" title=\"Voltaje\" data-testid=\"module-attribute-name\">\n<ul>\n<li class=\"id-leading-[18px]\" data-attribute-lineclamp=\"true\" data-testid=\"module-attribute-name-text\">Voltaje: <span style=\"font-size: 16px;\">CC 7,4- 12 V 3,5 A.<\/span><\/li>\n<\/ul>\n<\/div>\n<div class=\"id-text-sm id-p-4 id-bg-[#f8f8f8] id-flex id-items-center\" title=\"Potencia de salida\" data-testid=\"module-attribute-name\">\n<ul>\n<li class=\"id-leading-[18px]\" data-attribute-lineclamp=\"true\" data-testid=\"module-attribute-name-text\">Potencia de salida:\u00a0 <span style=\"font-size: 16px;\">2*20W<\/span><\/li>\n<\/ul>\n<\/div>\n<ul>\n<li><span style=\"font-size: 16px;\">Pantalla:\u00a0 <\/span><span style=\"font-size: 16px;\">Pantalla LED 18:88<\/span><\/li>\n<li><span style=\"font-size: 16px;\">Funci\u00f3n:\u00a0 <\/span><span style=\"font-size: 16px;\">MP3\/FM\/USB\/TF\/AUX\/Bluetooth<\/span><\/li>\n<\/ul>\n<div class=\"id-text-sm id-p-4 id-bg-[#f8f8f8] id-flex id-items-center\" title=\"Uso\" data-testid=\"module-attribute-name\">\n<ul>\n<li class=\"id-leading-[18px]\" data-attribute-lineclamp=\"true\" data-testid=\"module-attribute-name-text\">Uso: <span style=\"font-size: 16px;\">Audio profesional, Amplificador, Altavoz, audio para coche, etc.<\/span><\/li>\n<\/ul>\n<\/div>\n<ul>\n<li><span style=\"font-size: 16px;\">Accesorio: <\/span><span style=\"font-size: 16px;\">Control Remoto\/ Cables<\/span><\/li>\n<\/ul>\n","protected":false},"excerpt":{"rendered":"<p>Formato de audio compatible: MP3, MP3, WAV Est\u00e1ndar de Bluetooth: Bluetooth \/ 5,3 Pantalla: S\u00ed Privado molde: NO Tama\u00f1o de pantalla: \u00ab&lt; 2&#8243;\u00bb\u00bb Material: Pl\u00e1stico Aplicaci\u00f3n: Escuchar m\u00fasica Marca:\u00a0 VIRE N\u00famero de Modelo:\u00a0 VTF-058BT AMP V1.0 Voltaje: CC 7,4- 12 V 3,5 A. Potencia de salida:\u00a0 2*20W Pantalla:\u00a0 Pantalla LED 18:88 Funci\u00f3n:\u00a0 MP3\/FM\/USB\/TF\/AUX\/Bluetooth Uso: Audio [&hellip;]<\/p>\n","protected":false},"featured_media":7939,"template":"","meta":[],"product_brand":[],"product_cat":[17],"product_tag":[],"class_list":{"0":"post-3478","1":"product","2":"type-product","3":"status-publish","4":"has-post-thumbnail","6":"product_cat-promocion","8":"first","9":"instock","10":"sale","11":"featured","12":"shipping-taxable","13":"purchasable","14":"product-type-simple"},"jetpack_sharing_enabled":true,"_links":{"self":[{"href":"https:\/\/ititechcbba.com\/index.php?rest_route=\/wp\/v2\/product\/3478","targetHints":{"allow":["GET"]}}],"collection":[{"href":"https:\/\/ititechcbba.com\/index.php?rest_route=\/wp\/v2\/product"}],"about":[{"href":"https:\/\/ititechcbba.com\/index.php?rest_route=\/wp\/v2\/types\/product"}],"version-history":[{"count":4,"href":"https:\/\/ititechcbba.com\/index.php?rest_route=\/wp\/v2\/product\/3478\/revisions"}],"predecessor-version":[{"id":7944,"href":"https:\/\/ititechcbba.com\/index.php?rest_route=\/wp\/v2\/product\/3478\/revisions\/7944"}],"wp:featuredmedia":[{"embeddable":true,"href":"https:\/\/ititechcbba.com\/index.php?rest_route=\/wp\/v2\/media\/7939"}],"wp:attachment":[{"href":"https:\/\/ititechcbba.com\/index.php?rest_route=%2Fwp%2Fv2%2Fmedia&parent=3478"}],"wp:term":[{"taxonomy":"product_brand","embeddable":true,"href":"https:\/\/ititechcbba.com\/index.php?rest_route=%2Fwp%2Fv2%2Fproduct_brand&post=3478"},{"taxonomy":"product_cat","embeddable":true,"href":"https:\/\/ititechcbba.com\/index.php?rest_route=%2Fwp%2Fv2%2Fproduct_cat&post=3478"},{"taxonomy":"product_tag","embeddable":true,"href":"https:\/\/ititechcbba.com\/index.php?rest_route=%2Fwp%2Fv2%2Fproduct_tag&post=3478"}],"curies":[{"name":"wp","href":"https:\/\/api.w.org\/{rel}","templated":true}]}}