{"id":3480,"date":"2026-02-17T21:10:50","date_gmt":"2026-02-18T00:10:50","guid":{"rendered":"https:\/\/ititechcbba.com\/producto\/ben-nevis-watch\/"},"modified":"2026-03-08T12:44:46","modified_gmt":"2026-03-08T15:44:46","slug":"usb","status":"publish","type":"product","link":"https:\/\/ititechcbba.com\/?product=usb","title":{"rendered":"USB TESTER"},"content":{"rendered":"<p><span id=\"tl_1\"><b data-spm-anchor-id=\"a2700.details-description.0.i1.3d38W6eNW6eNty\">Descripci\u00f3n:<\/b><br \/>\n1. Detecci\u00f3n en tiempo real del estado de carga del aparato, voltaje, corriente, potencia y otros indicadores;<br \/>\n2. El Probador es ampliamente utilizado en la inspecci\u00f3n de calidad de productos digitales y perif\u00e9ricos 3C de interfaz USB. Es el primero<br \/>\nElecci\u00f3n para entusiastas de la electr\u00f3nica;<br \/>\n3. Adopta una pantalla de cristal l\u00edquido a color de alta definici\u00f3n IPS de 0,96 pulgadas, que se puede conectar en dos direcciones, de 160 grados amplio \u00e1ngulo de visi\u00f3n, alto brillo y larga vida \u00fatil.<br \/>\n4. Admite la identificaci\u00f3n de QC2.0, QC3.0, PD, protocolo de carga r\u00e1pida SAMSUNG;<br \/>\n5. El uso interno del circuito de muestreo de instrumentos profesionales, junto con un algoritmo de precisi\u00f3n \u00fanico, garantiza la precisi\u00f3n y la estabilidad del producto a nivel de hardware y software;<br \/>\n6. Con la funci\u00f3n de almacenamiento de apagado, cuando se corta la energ\u00eda m\u00f3vil, puede almacenar datos de capacidad y energ\u00eda, lo cual es conveniente para su visualizaci\u00f3n posterior, Y es conveniente para medir la capacidad de energ\u00eda de la fuente de alimentaci\u00f3n m\u00f3vil;<br \/>\n7. Puede ayudarnos a comprender claramente la resistencia de carga y la potencia de descarga de corriente, y comprender mejor el rango de uso de la carga.<\/span><\/p>\n<div><span id=\"tl_2\" data-spm-anchor-id=\"a2700.details-description.0.i2.3d38W6eNW6eNty\"><br \/>\n<b data-spm-anchor-id=\"a2700.details-description.0.i0.3d38W6eNW6eNty\">Especificaciones:<\/b><br \/>\nVoltaje: 4-30V<br \/>\nResoluci\u00f3n de voltaje: 0.002A<br \/>\nCorriente: 0-5A<br \/>\nResoluci\u00f3n actual: 0.002A<br \/>\nCapacidad: 0-999999mWh<br \/>\nResistencia de carga: 1-9999.9\u03a9<br \/>\nPotencia: 0-150W<br \/>\nEnerg\u00eda: 0,999999mWh<br \/>\nTemporizaci\u00f3n: 0-99 horas<br \/>\nInterfaz: USB24pin<br \/>\nDirecci\u00f3n de prueba: bidireccional<br \/>\nPantalla: pantalla a color de 0,96 pulgadas<br \/>\nColor: blanco, negro<br \/>\nPeso: 15G (incluido el embalaje)<br \/>\nTama\u00f1o: 55*26,5*11,5mm<br \/>\n<b>El paquete incluye:<\/b><br \/>\n1 probador USB<\/span><\/div>\n","protected":false},"excerpt":{"rendered":"<p>Descripci\u00f3n: 1. Detecci\u00f3n en tiempo real del estado de carga del aparato, voltaje, corriente, potencia y otros indicadores; 2. El Probador es ampliamente utilizado en la inspecci\u00f3n de calidad de productos digitales y perif\u00e9ricos 3C de interfaz USB. Es el primero Elecci\u00f3n para entusiastas de la electr\u00f3nica; 3. Adopta una pantalla de cristal l\u00edquido a [&hellip;]<\/p>\n","protected":false},"featured_media":3499,"template":"","meta":[],"product_brand":[],"product_cat":[17],"product_tag":[],"class_list":{"0":"post-3480","1":"product","2":"type-product","3":"status-publish","4":"has-post-thumbnail","6":"product_cat-promocion","8":"first","9":"instock","10":"sale","11":"featured","12":"shipping-taxable","13":"purchasable","14":"product-type-simple"},"jetpack_sharing_enabled":true,"_links":{"self":[{"href":"https:\/\/ititechcbba.com\/index.php?rest_route=\/wp\/v2\/product\/3480","targetHints":{"allow":["GET"]}}],"collection":[{"href":"https:\/\/ititechcbba.com\/index.php?rest_route=\/wp\/v2\/product"}],"about":[{"href":"https:\/\/ititechcbba.com\/index.php?rest_route=\/wp\/v2\/types\/product"}],"version-history":[{"count":2,"href":"https:\/\/ititechcbba.com\/index.php?rest_route=\/wp\/v2\/product\/3480\/revisions"}],"predecessor-version":[{"id":7946,"href":"https:\/\/ititechcbba.com\/index.php?rest_route=\/wp\/v2\/product\/3480\/revisions\/7946"}],"wp:featuredmedia":[{"embeddable":true,"href":"https:\/\/ititechcbba.com\/index.php?rest_route=\/wp\/v2\/media\/3499"}],"wp:attachment":[{"href":"https:\/\/ititechcbba.com\/index.php?rest_route=%2Fwp%2Fv2%2Fmedia&parent=3480"}],"wp:term":[{"taxonomy":"product_brand","embeddable":true,"href":"https:\/\/ititechcbba.com\/index.php?rest_route=%2Fwp%2Fv2%2Fproduct_brand&post=3480"},{"taxonomy":"product_cat","embeddable":true,"href":"https:\/\/ititechcbba.com\/index.php?rest_route=%2Fwp%2Fv2%2Fproduct_cat&post=3480"},{"taxonomy":"product_tag","embeddable":true,"href":"https:\/\/ititechcbba.com\/index.php?rest_route=%2Fwp%2Fv2%2Fproduct_tag&post=3480"}],"curies":[{"name":"wp","href":"https:\/\/api.w.org\/{rel}","templated":true}]}}