{"id":3482,"date":"2026-02-17T21:10:50","date_gmt":"2026-02-18T00:10:50","guid":{"rendered":"https:\/\/ititechcbba.com\/producto\/sports-multi-function-electronic-watch-2\/"},"modified":"2026-03-08T12:35:19","modified_gmt":"2026-03-08T15:35:19","slug":"sports-multi-function-electronic-watch-2","status":"publish","type":"product","link":"https:\/\/ititechcbba.com\/?product=sports-multi-function-electronic-watch-2","title":{"rendered":"Sensor de Humedad del Suelo Capacitivo"},"content":{"rendered":"<div class=\"row\">\n<div class=\"col-md-9\">\n<p>El Sensor de humedad de suelo capacitivo v1.2 permite medir la humedad en el suelo utilizando el principio de capacitancia entre electrodos en lugar de resistencia, lo que aumenta considerablemente la vida \u00fatil del sensor. El electrodo\u00a0posee una capa de protecci\u00f3n anticorrosi\u00f3n para una mayor duraci\u00f3n (no se oxida como el sensor resistivo).\u00a0Compatible con Arduino, PIC, ESP8266\/NodeMCU\/NodeMCU-32.\u00a0El sensor es ideal para monitorear el nivel de humedad de tus plantas y as\u00ed recordar cuando necesitan ser regadas o incluso para realizar un sistema totalmente automatizado de riego a\u00f1adiendo una v\u00e1lvula o una bomba de agua. Si el sistema se conecta a Internet podr\u00edamos controlar\/monitorear nuestro jard\u00edn desde cualquier lugar del mundo!<\/p>\n<p>El funcionamiento del sensor se basa en medir la\u00a0capacitancia entre 2 electrodos insertados dentro del suelo, la capacitancia entre los electrodos depender\u00e1 de la humedad del suelo, por lo que para un suelo muy h\u00famedo tendremos una\u00a0capacitancia muy baja y para un suelo muy seco la\u00a0capacitancia\u00a0ser\u00e1 muy alta. El electrodo va conectado a una tarjeta de acondicionamiento que entrega una salida anal\u00f3gica. La salida anal\u00f3gica (AO) entrega un voltaje anal\u00f3gico desde 0V para un suelo muy h\u00famedo hasta 5V para un suelo muy seco. Para la conexi\u00f3n a Arduino debemos conectar la salida anal\u00f3gica del m\u00f3dulo a una entrada anal\u00f3gica del Arduino.<\/p>\n<p>Recomendaciones: Introducir en la tierra solo la parte de los electrodos, los circuitos debe ser protegidos de la humedad. Para uso del sensor del Raspberry Pi recomendamos utilizar un ADC como el\u00a0<a href=\"https:\/\/naylampmechatronics.com\/sensores-corriente-voltaje\/394-modulo-adc-ads1115.html\" target=\"_blank\" rel=\"noreferrer noopener\">M\u00f3dulo ADC ADS1115<\/a>. Para a\u00f1adir una capa protectora al sensor se puede utilizar una laca o barniz ep\u00f3xico.<\/p>\n<p>Nota: La salida del sensor es de tipo cualitativo m\u00e1s que de tipo cuantitativo.<\/p>\n<\/div>\n<\/div>\n<hr \/>\n<div class=\"row\">\n<div class=\"col-md-3\">\n<h3>ESPECIFICACIONES T\u00c9CNICAS<\/h3>\n<\/div>\n<div class=\"col-md-9\">\n<ul>\n<li>Voltaje de alimentaci\u00f3n: 3.3V &#8211; 5V DC<\/li>\n<li>Corriente operaci\u00f3n: 5mA<\/li>\n<li>Voltaje de la se\u00f1al de salida: 0 a 5V (Anal\u00f3gico)<\/li>\n<li>Modelo:\u00a0capacitive soil moisture sensor v1.2<\/li>\n<li>Vida \u00fatil: 3 a\u00f1os m\u00edn.<\/li>\n<li>Conector: PH2.0-3P<\/li>\n<li>Incluye: Electrodo y cable jumper hembra<\/li>\n<li>Dimensiones: 98*23 mm<\/li>\n<li>Peso: 15 gramos<\/li>\n<\/ul>\n<\/div>\n<\/div>\n<hr \/>\n<div class=\"row\">\n<div class=\"col-md-3\">\n<h3>CONEXIONES<\/h3>\n<\/div>\n<div class=\"col-md-9\">\n<ul>\n<li><strong>GND:<\/strong>\u00a0Tierra (GND 0V)<\/li>\n<li><strong>VCC:<\/strong>\u00a0Voltaje de alimentaci\u00f3n (3.3V &#8211; 5V DC)<\/li>\n<li><strong>AOUT:<\/strong>\u00a0Salida anal\u00f3gica<\/li>\n<\/ul>\n<\/div>\n<\/div>\n","protected":false},"excerpt":{"rendered":"<p>El Sensor de humedad de suelo capacitivo v1.2 permite medir la humedad en el suelo utilizando el principio de capacitancia entre electrodos en lugar de resistencia, lo que aumenta considerablemente la vida \u00fatil del sensor. El electrodo\u00a0posee una capa de protecci\u00f3n anticorrosi\u00f3n para una mayor duraci\u00f3n (no se oxida como el sensor resistivo).\u00a0Compatible con Arduino, [&hellip;]<\/p>\n","protected":false},"featured_media":7949,"template":"","meta":[],"product_brand":[],"product_cat":[17],"product_tag":[],"class_list":{"0":"post-3482","1":"product","2":"type-product","3":"status-publish","4":"has-post-thumbnail","6":"product_cat-promocion","8":"first","9":"outofstock","10":"shipping-taxable","11":"purchasable","12":"product-type-simple"},"jetpack_sharing_enabled":true,"_links":{"self":[{"href":"https:\/\/ititechcbba.com\/index.php?rest_route=\/wp\/v2\/product\/3482","targetHints":{"allow":["GET"]}}],"collection":[{"href":"https:\/\/ititechcbba.com\/index.php?rest_route=\/wp\/v2\/product"}],"about":[{"href":"https:\/\/ititechcbba.com\/index.php?rest_route=\/wp\/v2\/types\/product"}],"version-history":[{"count":2,"href":"https:\/\/ititechcbba.com\/index.php?rest_route=\/wp\/v2\/product\/3482\/revisions"}],"predecessor-version":[{"id":7950,"href":"https:\/\/ititechcbba.com\/index.php?rest_route=\/wp\/v2\/product\/3482\/revisions\/7950"}],"wp:featuredmedia":[{"embeddable":true,"href":"https:\/\/ititechcbba.com\/index.php?rest_route=\/wp\/v2\/media\/7949"}],"wp:attachment":[{"href":"https:\/\/ititechcbba.com\/index.php?rest_route=%2Fwp%2Fv2%2Fmedia&parent=3482"}],"wp:term":[{"taxonomy":"product_brand","embeddable":true,"href":"https:\/\/ititechcbba.com\/index.php?rest_route=%2Fwp%2Fv2%2Fproduct_brand&post=3482"},{"taxonomy":"product_cat","embeddable":true,"href":"https:\/\/ititechcbba.com\/index.php?rest_route=%2Fwp%2Fv2%2Fproduct_cat&post=3482"},{"taxonomy":"product_tag","embeddable":true,"href":"https:\/\/ititechcbba.com\/index.php?rest_route=%2Fwp%2Fv2%2Fproduct_tag&post=3482"}],"curies":[{"name":"wp","href":"https:\/\/api.w.org\/{rel}","templated":true}]}}