{"id":8460,"date":"2026-03-15T23:35:12","date_gmt":"2026-03-16T02:35:12","guid":{"rendered":"https:\/\/ititechcbba.com\/?post_type=product&#038;p=8460"},"modified":"2026-03-16T00:29:55","modified_gmt":"2026-03-16T03:29:55","slug":"panel-01","status":"publish","type":"product","link":"https:\/\/ititechcbba.com\/?product=panel-01","title":{"rendered":"PANEL SOLAR 3V 0.65W 8x5MM"},"content":{"rendered":"<p>Dale autonom\u00eda a tus proyectos de electr\u00f3nica, con esta celda solar que brinda hasta 3 V con capacidad nominal, en condiciones de luz \u00f3ptimas.<\/p>\n<p>Podr\u00e1s incorporarla a proyectos, gracias a su espesor de apenas 3 mm que la hace\u00a0 pr\u00e1ctica de utilizar y amigable con el medio ambiente.<\/p>\n<p>Est\u00e1 fabricada en policristal de alta eficiencia, con dimensiones de 56 x 60 (mm). Tiene cables dispuestos para realizar la conexi\u00f3n en el polo positivo y negativo.<\/p>\n","protected":false},"excerpt":{"rendered":"<p>Dale autonom\u00eda a tus proyectos de electr\u00f3nica, con esta celda solar que brinda hasta 3 V con capacidad nominal, en condiciones de luz \u00f3ptimas. Podr\u00e1s incorporarla a proyectos, gracias a su espesor de apenas 3 mm que la hace\u00a0 pr\u00e1ctica de utilizar y amigable con el medio ambiente. Est\u00e1 fabricada en policristal de alta eficiencia, [&hellip;]<\/p>\n","protected":false},"featured_media":8461,"template":"","meta":[],"product_brand":[],"product_cat":[17],"product_tag":[],"class_list":{"0":"post-8460","1":"product","2":"type-product","3":"status-publish","4":"has-post-thumbnail","6":"product_cat-promocion","8":"first","9":"instock","10":"shipping-taxable","11":"purchasable","12":"product-type-simple"},"jetpack_sharing_enabled":true,"_links":{"self":[{"href":"https:\/\/ititechcbba.com\/index.php?rest_route=\/wp\/v2\/product\/8460","targetHints":{"allow":["GET"]}}],"collection":[{"href":"https:\/\/ititechcbba.com\/index.php?rest_route=\/wp\/v2\/product"}],"about":[{"href":"https:\/\/ititechcbba.com\/index.php?rest_route=\/wp\/v2\/types\/product"}],"version-history":[{"count":2,"href":"https:\/\/ititechcbba.com\/index.php?rest_route=\/wp\/v2\/product\/8460\/revisions"}],"predecessor-version":[{"id":8463,"href":"https:\/\/ititechcbba.com\/index.php?rest_route=\/wp\/v2\/product\/8460\/revisions\/8463"}],"wp:featuredmedia":[{"embeddable":true,"href":"https:\/\/ititechcbba.com\/index.php?rest_route=\/wp\/v2\/media\/8461"}],"wp:attachment":[{"href":"https:\/\/ititechcbba.com\/index.php?rest_route=%2Fwp%2Fv2%2Fmedia&parent=8460"}],"wp:term":[{"taxonomy":"product_brand","embeddable":true,"href":"https:\/\/ititechcbba.com\/index.php?rest_route=%2Fwp%2Fv2%2Fproduct_brand&post=8460"},{"taxonomy":"product_cat","embeddable":true,"href":"https:\/\/ititechcbba.com\/index.php?rest_route=%2Fwp%2Fv2%2Fproduct_cat&post=8460"},{"taxonomy":"product_tag","embeddable":true,"href":"https:\/\/ititechcbba.com\/index.php?rest_route=%2Fwp%2Fv2%2Fproduct_tag&post=8460"}],"curies":[{"name":"wp","href":"https:\/\/api.w.org\/{rel}","templated":true}]}}